{"id":16405,"date":"2025-06-04T09:35:19","date_gmt":"2025-06-04T06:35:19","guid":{"rendered":"https:\/\/quasys.com.tr\/hyas\/"},"modified":"2025-12-01T14:22:38","modified_gmt":"2025-12-01T11:22:38","slug":"hyas","status":"publish","type":"page","link":"https:\/\/quasys.az\/en\/partners\/hyas\/","title":{"rendered":"HYAS"},"content":{"rendered":"\t\t<div data-elementor-type=\"wp-page\" data-elementor-id=\"16405\" class=\"elementor elementor-16405 elementor-15835\" data-elementor-post-type=\"page\">\n\t\t\t\t<div class=\"elementor-element elementor-element-194b7b3 e-flex e-con-boxed e-con e-parent\" data-id=\"194b7b3\" data-element_type=\"container\">\n\t\t\t\t\t<div class=\"e-con-inner\">\n\t\t\t\t<div class=\"elementor-element elementor-element-c8a03b1 elementor-widget elementor-widget-heading\" data-id=\"c8a03b1\" data-element_type=\"widget\" data-widget_type=\"heading.default\">\n\t\t\t\t<div class=\"elementor-widget-container\">\n\t\t\t<h2 class=\"elementor-heading-title elementor-size-default\">Proactive Security Against DNS-Based Threats with HYAS Protect<\/h2>\t\t<\/div>\n\t\t\t\t<\/div>\n\t\t\t\t<div class=\"elementor-element elementor-element-4f6cd13 elementor-widget-divider--view-line elementor-widget elementor-widget-divider\" data-id=\"4f6cd13\" data-element_type=\"widget\" data-widget_type=\"divider.default\">\n\t\t\t\t<div class=\"elementor-widget-container\">\n\t\t\t\t\t<div class=\"elementor-divider\">\n\t\t\t<span class=\"elementor-divider-separator\">\n\t\t\t\t\t\t<\/span>\n\t\t<\/div>\n\t\t\t\t<\/div>\n\t\t\t\t<\/div>\n\t\t\t\t<div class=\"elementor-element elementor-element-d321c2a elementor-widget elementor-widget-text-editor\" data-id=\"d321c2a\" data-element_type=\"widget\" data-widget_type=\"text-editor.default\">\n\t\t\t\t<div class=\"elementor-widget-container\">\n\t\t\t\t\t\t\t<p data-start=\"339\" data-end=\"489\"><span class=\"relative -mx-px my-[-0.2rem] rounded px-px py-[0.2rem] transition-colors duration-100 ease-in-out\">In today&#8217;s environment where cyber threats are constantly evolving, traditional security measures may prove insufficient.<\/span> <span class=\"relative -mx-px my-[-0.2rem] rounded px-px py-[0.2rem] transition-colors duration-100 ease-in-out\">As Quasys, through our partnership with HYAS, we offer the HYAS Protect solution that provides proactive defense at the DNS layer.<\/span> <span class=\"relative -mx-px my-[-0.2rem] rounded px-px py-[0.2rem] transition-colors duration-100 ease-in-out\">This solution provides effective protection against ransomware, phishing attacks, and data breaches by blocking requests to malicious domains in real time.<\/span><\/p>\t\t\t\t\t\t<\/div>\n\t\t\t\t<\/div>\n\t\t\t\t<div class=\"elementor-element elementor-element-d98b51f elementor-widget elementor-widget-eael-adv-accordion\" data-id=\"d98b51f\" data-element_type=\"widget\" data-widget_type=\"eael-adv-accordion.default\">\n\t\t\t\t<div class=\"elementor-widget-container\">\n\t\t\t        <div class=\"eael-adv-accordion\" id=\"eael-adv-accordion-d98b51f\" data-scroll-on-click=\"yes\" data-scroll-speed=\"300\" data-accordion-id=\"d98b51f\" data-accordion-type=\"accordion\" data-toogle-speed=\"300\">\n    <div class=\"eael-accordion-list\">\n                <div id=\"key-features\" class=\"elementor-tab-title eael-accordion-header active-default\" tabindex=\"0\" data-tab=\"1\" aria-controls=\"elementor-tab-content-2281\"><span class=\"eael-accordion-tab-title\">Key Features<\/span><i aria-hidden=\"true\" class=\"fa-toggle fas fa-angle-right\"><\/i><\/div><div id=\"elementor-tab-content-2281\" class=\"eael-accordion-content clearfix active-default\" data-tab=\"1\" aria-labelledby=\"key-features\"><ul>\n<li data-start=\"726\" data-end=\"804\">\n<p data-start=\"728\" data-end=\"804\"><strong data-start=\"728\" data-end=\"764\">Real-Time Threat Blocking:<\/strong> <span class=\"relative -mx-px my-[-0.2rem] rounded px-px py-[0.2rem] transition-colors duration-100 ease-in-out\">Evaluates DNS queries instantly and blocks access to malicious domains.<\/span><\/p>\n<\/li>\n<li data-start=\"805\" data-end=\"879\">\n<p data-start=\"807\" data-end=\"879\"><strong data-start=\"807\" data-end=\"839\">Advanced Threat Intelligence:<\/strong> <span class=\"relative -mx-px my-[-0.2rem] rounded px-px py-[0.2rem] transition-colors duration-100 ease-in-out\">Through HYAS&#8217;s infrastructure database, new and unknown threats are detected in real time.<\/span><\/p>\n<\/li>\n<li data-start=\"880\" data-end=\"952\">\n<p data-start=\"882\" data-end=\"952\"><strong data-start=\"882\" data-end=\"912\">Flexible Deployment Options:<\/strong> <span class=\"relative -mx-px my-[-0.2rem] rounded px-px py-[0.2rem] transition-colors duration-100 ease-in-out\">Requires no agent for installation; easily integrates with your existing DNS infrastructure.<\/span><\/p>\n<\/li>\n<li data-start=\"953\" data-end=\"1019\">\n<p data-start=\"955\" data-end=\"1019\"><strong data-start=\"955\" data-end=\"979\">Comprehensive Visibility:<\/strong> <span class=\"relative -mx-px my-[-0.2rem] rounded px-px py-[0.2rem] transition-colors duration-100 ease-in-out\">Presents anomalies and potential threats in your network traffic through detailed reports.<\/span><\/p>\n<\/li>\n<li data-start=\"1020\" data-end=\"1130\">\n<p data-start=\"1022\" data-end=\"1130\"><strong data-start=\"1022\" data-end=\"1051\">Compliance and Integration:<\/strong> <span class=\"relative -mx-px my-[-0.2rem] rounded px-px py-[0.2rem] transition-colors duration-100 ease-in-out\">Seamlessly integrates with your existing security solutions.<\/span><\/p>\n<\/li>\n<\/ul>\n<\/div>\n                <\/div><div class=\"eael-accordion-list\">\n                <div id=\"why-hyas-protect\" class=\"elementor-tab-title eael-accordion-header\" tabindex=\"0\" data-tab=\"2\" aria-controls=\"elementor-tab-content-2282\"><span class=\"eael-accordion-tab-title\">Why HYAS Protect?<\/span><i aria-hidden=\"true\" class=\"fa-toggle fas fa-angle-right\"><\/i><\/div><div id=\"elementor-tab-content-2282\" class=\"eael-accordion-content clearfix\" data-tab=\"2\" aria-labelledby=\"why-hyas-protect\"><p><span class=\"relative -mx-px my-[-0.2rem] rounded px-px py-[0.2rem] transition-colors duration-100 ease-in-out\">HYAS Protect detects not only known threats but also potential threats that are not yet active.<\/span> <span class=\"relative -mx-px my-[-0.2rem] rounded px-px py-[0.2rem] transition-colors duration-100 ease-in-out\">Through this approach, attacks are blocked before they begin.<\/span> <span class=\"relative -mx-px my-[-0.2rem] rounded px-px py-[0.2rem] transition-colors duration-100 ease-in-out\">Additionally, the detailed analysis and reports provided by HYAS Protect enable security teams to better understand threats and respond quickly.<\/span><\/p>\n<\/div>\n                <\/div><div class=\"eael-accordion-list\">\n                <div id=\"strong-partnership-with-quasys\" class=\"elementor-tab-title eael-accordion-header\" tabindex=\"0\" data-tab=\"3\" aria-controls=\"elementor-tab-content-2283\"><span class=\"eael-accordion-tab-title\">Strong Partnership with Quasys<\/span><i aria-hidden=\"true\" class=\"fa-toggle fas fa-angle-right\"><\/i><\/div><div id=\"elementor-tab-content-2283\" class=\"eael-accordion-content clearfix\" data-tab=\"3\" aria-labelledby=\"strong-partnership-with-quasys\"><p data-start=\"1375\" data-end=\"1533\"><span class=\"relative -mx-px my-[-0.2rem] rounded px-px py-[0.2rem] transition-colors duration-100 ease-in-out\">As Quasys, we customize HYAS&#8217;s<\/span><span class=\"relative -mx-px my-[-0.2rem] rounded px-px py-[0.2rem] transition-colors duration-100 ease-in-out\"> Protect solution according to your organization&#8217;s needs and integrate it optimally.<\/span> <span class=\"relative -mx-px my-[-0.2rem] rounded px-px py-[0.2rem] transition-colors duration-100 ease-in-out\">With our expert team, we are with you at every step from installation to training.<\/span><\/p>\n<\/div>\n                <\/div><\/div>\t\t<\/div>\n\t\t\t\t<\/div>\n\t\t\t\t\t<\/div>\n\t\t\t\t<\/div>\n\t\t\t\t<\/div>\n\t\t","protected":false},"excerpt":{"rendered":"<p>Proactive Security Against DNS-Based Threats with HYAS Protect In today&#8217;s environment &#8230; <\/p>\n","protected":false},"author":2,"featured_media":0,"parent":16588,"menu_order":0,"comment_status":"closed","ping_status":"closed","template":"","meta":{"footnotes":""},"class_list":["post-16405","page","type-page","status-publish","hentry"],"yoast_head":"<!-- This site is optimized with the Yoast SEO plugin v25.0 - https:\/\/yoast.com\/wordpress\/plugins\/seo\/ -->\n<title>HYAS - Quasys Dijital Teknoloji \u00c7\u00f6z\u00fcmleri<\/title>\n<meta name=\"robots\" content=\"index, follow, max-snippet:-1, max-image-preview:large, max-video-preview:-1\" \/>\n<link rel=\"canonical\" href=\"https:\/\/quasys.az\/en\/partners\/hyas\/\" \/>\n<meta property=\"og:locale\" content=\"en_US\" \/>\n<meta property=\"og:type\" content=\"article\" \/>\n<meta property=\"og:title\" content=\"HYAS - Quasys Dijital Teknoloji \u00c7\u00f6z\u00fcmleri\" \/>\n<meta property=\"og:description\" content=\"Proactive Security Against DNS-Based Threats with HYAS Protect In today&#8217;s environment ...\" \/>\n<meta property=\"og:url\" content=\"https:\/\/quasys.az\/en\/partners\/hyas\/\" \/>\n<meta property=\"og:site_name\" content=\"Quasys Dijital Teknoloji \u00c7\u00f6z\u00fcmleri\" \/>\n<meta property=\"article:modified_time\" content=\"2025-12-01T11:22:38+00:00\" \/>\n<meta name=\"twitter:card\" content=\"summary_large_image\" \/>\n<meta name=\"twitter:label1\" content=\"Est. reading time\" \/>\n\t<meta name=\"twitter:data1\" content=\"1 minute\" \/>\n<script type=\"application\/ld+json\" class=\"yoast-schema-graph\">{\"@context\":\"https:\/\/schema.org\",\"@graph\":[{\"@type\":\"WebPage\",\"@id\":\"https:\/\/quasys.az\/en\/partners\/hyas\/\",\"url\":\"https:\/\/quasys.az\/en\/partners\/hyas\/\",\"name\":\"HYAS - Quasys Dijital Teknoloji \u00c7\u00f6z\u00fcmleri\",\"isPartOf\":{\"@id\":\"https:\/\/www.quasys.az\/en\/#website\"},\"datePublished\":\"2025-06-04T06:35:19+00:00\",\"dateModified\":\"2025-12-01T11:22:38+00:00\",\"breadcrumb\":{\"@id\":\"https:\/\/quasys.az\/en\/partners\/hyas\/#breadcrumb\"},\"inLanguage\":\"en-US\",\"potentialAction\":[{\"@type\":\"ReadAction\",\"target\":[\"https:\/\/quasys.az\/en\/partners\/hyas\/\"]}]},{\"@type\":\"BreadcrumbList\",\"@id\":\"https:\/\/quasys.az\/en\/partners\/hyas\/#breadcrumb\",\"itemListElement\":[{\"@type\":\"ListItem\",\"position\":1,\"name\":\"Anasayfa\",\"item\":\"https:\/\/quasys.az\/en\/\"},{\"@type\":\"ListItem\",\"position\":2,\"name\":\"PARTNERS\",\"item\":\"https:\/\/www.quasys.az\/en\/partners\/\"},{\"@type\":\"ListItem\",\"position\":3,\"name\":\"HYAS\"}]},{\"@type\":\"WebSite\",\"@id\":\"https:\/\/www.quasys.az\/en\/#website\",\"url\":\"https:\/\/www.quasys.az\/en\/\",\"name\":\"Quasys\",\"description\":\"\",\"publisher\":{\"@id\":\"https:\/\/www.quasys.az\/en\/#organization\"},\"potentialAction\":[{\"@type\":\"SearchAction\",\"target\":{\"@type\":\"EntryPoint\",\"urlTemplate\":\"https:\/\/www.quasys.az\/en\/?s={search_term_string}\"},\"query-input\":{\"@type\":\"PropertyValueSpecification\",\"valueRequired\":true,\"valueName\":\"search_term_string\"}}],\"inLanguage\":\"en-US\"},{\"@type\":\"Organization\",\"@id\":\"https:\/\/www.quasys.az\/en\/#organization\",\"name\":\"Quasys Dijital Teknoloji \u00c7\u00f6z\u00fcmleri\",\"url\":\"https:\/\/www.quasys.az\/en\/\",\"logo\":{\"@type\":\"ImageObject\",\"inLanguage\":\"en-US\",\"@id\":\"https:\/\/www.quasys.az\/en\/#\/schema\/logo\/image\/\",\"url\":\"https:\/\/www.quasys.com.tr\/wp-content\/uploads\/2025\/05\/quasys_logo-01-50_Cropped.png\",\"contentUrl\":\"https:\/\/www.quasys.com.tr\/wp-content\/uploads\/2025\/05\/quasys_logo-01-50_Cropped.png\",\"width\":365,\"height\":262,\"caption\":\"Quasys Dijital Teknoloji \u00c7\u00f6z\u00fcmleri\"},\"image\":{\"@id\":\"https:\/\/www.quasys.az\/en\/#\/schema\/logo\/image\/\"},\"sameAs\":[\"https:\/\/www.linkedin.com\/company\/quasys-technology\/\"]}]}<\/script>\n<!-- \/ Yoast SEO plugin. -->","yoast_head_json":{"title":"HYAS - Quasys Dijital Teknoloji \u00c7\u00f6z\u00fcmleri","robots":{"index":"index","follow":"follow","max-snippet":"max-snippet:-1","max-image-preview":"max-image-preview:large","max-video-preview":"max-video-preview:-1"},"canonical":"https:\/\/quasys.az\/en\/partners\/hyas\/","og_locale":"en_US","og_type":"article","og_title":"HYAS - Quasys Dijital Teknoloji \u00c7\u00f6z\u00fcmleri","og_description":"Proactive Security Against DNS-Based Threats with HYAS Protect In today&#8217;s environment ...","og_url":"https:\/\/quasys.az\/en\/partners\/hyas\/","og_site_name":"Quasys Dijital Teknoloji \u00c7\u00f6z\u00fcmleri","article_modified_time":"2025-12-01T11:22:38+00:00","twitter_card":"summary_large_image","twitter_misc":{"Est. reading time":"1 minute"},"schema":{"@context":"https:\/\/schema.org","@graph":[{"@type":"WebPage","@id":"https:\/\/quasys.az\/en\/partners\/hyas\/","url":"https:\/\/quasys.az\/en\/partners\/hyas\/","name":"HYAS - Quasys Dijital Teknoloji \u00c7\u00f6z\u00fcmleri","isPartOf":{"@id":"https:\/\/www.quasys.az\/en\/#website"},"datePublished":"2025-06-04T06:35:19+00:00","dateModified":"2025-12-01T11:22:38+00:00","breadcrumb":{"@id":"https:\/\/quasys.az\/en\/partners\/hyas\/#breadcrumb"},"inLanguage":"en-US","potentialAction":[{"@type":"ReadAction","target":["https:\/\/quasys.az\/en\/partners\/hyas\/"]}]},{"@type":"BreadcrumbList","@id":"https:\/\/quasys.az\/en\/partners\/hyas\/#breadcrumb","itemListElement":[{"@type":"ListItem","position":1,"name":"Anasayfa","item":"https:\/\/quasys.az\/en\/"},{"@type":"ListItem","position":2,"name":"PARTNERS","item":"https:\/\/www.quasys.az\/en\/partners\/"},{"@type":"ListItem","position":3,"name":"HYAS"}]},{"@type":"WebSite","@id":"https:\/\/www.quasys.az\/en\/#website","url":"https:\/\/www.quasys.az\/en\/","name":"Quasys","description":"","publisher":{"@id":"https:\/\/www.quasys.az\/en\/#organization"},"potentialAction":[{"@type":"SearchAction","target":{"@type":"EntryPoint","urlTemplate":"https:\/\/www.quasys.az\/en\/?s={search_term_string}"},"query-input":{"@type":"PropertyValueSpecification","valueRequired":true,"valueName":"search_term_string"}}],"inLanguage":"en-US"},{"@type":"Organization","@id":"https:\/\/www.quasys.az\/en\/#organization","name":"Quasys Dijital Teknoloji \u00c7\u00f6z\u00fcmleri","url":"https:\/\/www.quasys.az\/en\/","logo":{"@type":"ImageObject","inLanguage":"en-US","@id":"https:\/\/www.quasys.az\/en\/#\/schema\/logo\/image\/","url":"https:\/\/www.quasys.com.tr\/wp-content\/uploads\/2025\/05\/quasys_logo-01-50_Cropped.png","contentUrl":"https:\/\/www.quasys.com.tr\/wp-content\/uploads\/2025\/05\/quasys_logo-01-50_Cropped.png","width":365,"height":262,"caption":"Quasys Dijital Teknoloji \u00c7\u00f6z\u00fcmleri"},"image":{"@id":"https:\/\/www.quasys.az\/en\/#\/schema\/logo\/image\/"},"sameAs":["https:\/\/www.linkedin.com\/company\/quasys-technology\/"]}]}},"_links":{"self":[{"href":"https:\/\/quasys.az\/en\/wp-json\/wp\/v2\/pages\/16405","targetHints":{"allow":["GET"]}}],"collection":[{"href":"https:\/\/quasys.az\/en\/wp-json\/wp\/v2\/pages"}],"about":[{"href":"https:\/\/quasys.az\/en\/wp-json\/wp\/v2\/types\/page"}],"author":[{"embeddable":true,"href":"https:\/\/quasys.az\/en\/wp-json\/wp\/v2\/users\/2"}],"replies":[{"embeddable":true,"href":"https:\/\/quasys.az\/en\/wp-json\/wp\/v2\/comments?post=16405"}],"version-history":[{"count":1,"href":"https:\/\/quasys.az\/en\/wp-json\/wp\/v2\/pages\/16405\/revisions"}],"predecessor-version":[{"id":16406,"href":"https:\/\/quasys.az\/en\/wp-json\/wp\/v2\/pages\/16405\/revisions\/16406"}],"up":[{"embeddable":true,"href":"https:\/\/quasys.az\/en\/wp-json\/wp\/v2\/pages\/16588"}],"wp:attachment":[{"href":"https:\/\/quasys.az\/en\/wp-json\/wp\/v2\/media?parent=16405"}],"curies":[{"name":"wp","href":"https:\/\/api.w.org\/{rel}","templated":true}]}}