{"id":16451,"date":"2024-06-10T08:24:41","date_gmt":"2024-06-10T05:24:41","guid":{"rendered":"https:\/\/quasys.com.tr\/about-us\/"},"modified":"2025-12-02T09:48:55","modified_gmt":"2025-12-02T06:48:55","slug":"about-us","status":"publish","type":"page","link":"https:\/\/quasys.az\/en\/about-us\/","title":{"rendered":"About Us"},"content":{"rendered":"\t\t<div data-elementor-type=\"wp-page\" data-elementor-id=\"16451\" class=\"elementor elementor-16451 elementor-10\" data-elementor-post-type=\"page\">\n\t\t\t\t<div class=\"elementor-element elementor-element-47100b2 e-flex e-con-boxed e-con e-parent\" data-id=\"47100b2\" data-element_type=\"container\">\n\t\t\t\t\t<div class=\"e-con-inner\">\n\t\t<div class=\"elementor-element elementor-element-bfd213a e-con-full e-flex e-con e-child\" data-id=\"bfd213a\" data-element_type=\"container\">\n\t\t\t\t<div class=\"elementor-element elementor-element-b7589f4 elementor-widget elementor-widget-cz_title\" data-id=\"b7589f4\" data-element_type=\"widget\" data-widget_type=\"cz_title.default\">\n\t\t\t\t<div class=\"elementor-widget-container\">\n\t\t\t\t\r\n\t\t<div>\r\n\t\t\t<div class=\"cz_title clr cz_mobile_text_center cz_title_pos_inline\"><div class=\"cz_title_content\"><span class=\"cz_line_side_solo\">_<\/span><div class=\"cz_wpe_content\"><p><span style=\"font-family: demicalfont; color: #ea0029;\">Quasys Digital Technology Solutions<\/span><\/p><\/div><\/div><\/div>\r\n\t\t<\/div>\r\n\t\t\r\n\t\t\t\t<\/div>\n\t\t\t\t<\/div>\n\t\t\t\t<div class=\"elementor-element elementor-element-d674dc7 elementor-widget elementor-widget-heading\" data-id=\"d674dc7\" data-element_type=\"widget\" data-widget_type=\"heading.default\">\n\t\t\t\t<div class=\"elementor-widget-container\">\n\t\t\t<h2 class=\"elementor-heading-title elementor-size-default\">Quasys<\/h2>\t\t<\/div>\n\t\t\t\t<\/div>\n\t\t\t\t<div class=\"elementor-element elementor-element-7d2299c elementor-widget elementor-widget-text-editor\" data-id=\"7d2299c\" data-element_type=\"widget\" data-widget_type=\"text-editor.default\">\n\t\t\t\t<div class=\"elementor-widget-container\">\n\t\t\t\t\t\t\t<p><span style=\"font-family: demicalfont;\">QUASYS provides services in technologies such as Cloud-Native Container Platforms Transformation and Modernization, Middleware Technologies, Cloud Transformation, DevSecOps, Cybersecurity, and End-to-End Automation, which stand out in today&#8217;s world. QUASYS meets your needs end-to-end with its experienced staff, proven methodologies, and solutions created by correctly blending technologies, starting with the identification of customer needs. It has also made it its mission to walk alongside you as a reliable solution partner in the subsequent process. It believes in the importance of acting as a \u201cTechnology Family\u201d that makes life easier with all the stakeholders it encounters along the way and has grown its ecosystem by multiplying these approaches in different geographies.   <\/span><\/p>\t\t\t\t\t\t<\/div>\n\t\t\t\t<\/div>\n\t\t\t\t<\/div>\n\t\t<div class=\"elementor-element elementor-element-82a22ef e-con-full e-flex e-con e-child\" data-id=\"82a22ef\" data-element_type=\"container\">\n\t\t\t\t<div class=\"elementor-element elementor-element-4166aad elementor-widget elementor-widget-image\" data-id=\"4166aad\" data-element_type=\"widget\" data-widget_type=\"image.default\">\n\t\t\t\t<div class=\"elementor-widget-container\">\n\t\t\t\t\t\t\t\t\t\t\t\t\t<img fetchpriority=\"high\" decoding=\"async\" width=\"1600\" height=\"800\" src=\"data:image\/svg+xml,%3Csvg%20xmlns%3D&#39;http%3A%2F%2Fwww.w3.org%2F2000%2Fsvg&#39;%20width=&#39;1600&#39;%20height=&#39;800&#39;%20viewBox%3D&#39;0%200%201600%20800&#39;%2F%3E\" data-czlz data-src=\"https:\/\/www.quasys.az\/wp-content\/uploads\/2024\/11\/WhatsApp-Image-2024-11-18-at-10.52.55.jpeg\" class=\"attachment-full size-full wp-image-16453\" alt=\"\" data-srcset=\"https:\/\/www.quasys.az\/wp-content\/uploads\/2024\/11\/WhatsApp-Image-2024-11-18-at-10.52.55.jpeg 1600w, https:\/\/www.quasys.az\/wp-content\/uploads\/2024\/11\/WhatsApp-Image-2024-11-18-at-10.52.55-300x150.jpeg 300w, https:\/\/www.quasys.az\/wp-content\/uploads\/2024\/11\/WhatsApp-Image-2024-11-18-at-10.52.55-1024x512.jpeg 1024w, https:\/\/www.quasys.az\/wp-content\/uploads\/2024\/11\/WhatsApp-Image-2024-11-18-at-10.52.55-768x384.jpeg 768w, https:\/\/www.quasys.az\/wp-content\/uploads\/2024\/11\/WhatsApp-Image-2024-11-18-at-10.52.55-1536x768.jpeg 1536w, https:\/\/www.quasys.az\/wp-content\/uploads\/2024\/11\/WhatsApp-Image-2024-11-18-at-10.52.55-600x300.jpeg 600w\" data-sizes=\"(max-width: 1600px) 100vw, 1600px\" \/>\t\t\t\t\t\t\t\t\t\t\t\t\t<\/div>\n\t\t\t\t<\/div>\n\t\t\t\t<\/div>\n\t\t\t\t\t<\/div>\n\t\t\t\t<\/div>\n\t\t\t\t<\/div>\n\t\t","protected":false},"excerpt":{"rendered":"<p>_ Quasys Digital Technology Solutions Quasys QUASYS provides services in technologies &#8230; <\/p>\n","protected":false},"author":1,"featured_media":0,"parent":0,"menu_order":2,"comment_status":"closed","ping_status":"closed","template":"","meta":{"footnotes":""},"class_list":["post-16451","page","type-page","status-publish","hentry"],"yoast_head":"<!-- This site is optimized with the Yoast SEO plugin v25.0 - https:\/\/yoast.com\/wordpress\/plugins\/seo\/ -->\n<title>About Us - Quasys Dijital Teknoloji \u00c7\u00f6z\u00fcmleri<\/title>\n<meta name=\"robots\" content=\"index, follow, max-snippet:-1, max-image-preview:large, max-video-preview:-1\" \/>\n<link rel=\"canonical\" href=\"https:\/\/quasys.az\/en\/about-us\/\" \/>\n<meta property=\"og:locale\" content=\"en_US\" \/>\n<meta property=\"og:type\" content=\"article\" \/>\n<meta property=\"og:title\" content=\"About Us - Quasys Dijital Teknoloji \u00c7\u00f6z\u00fcmleri\" \/>\n<meta property=\"og:description\" content=\"_ Quasys Digital Technology Solutions Quasys QUASYS provides services in technologies ...\" \/>\n<meta property=\"og:url\" content=\"https:\/\/quasys.az\/en\/about-us\/\" \/>\n<meta property=\"og:site_name\" content=\"Quasys Dijital Teknoloji \u00c7\u00f6z\u00fcmleri\" \/>\n<meta property=\"article:modified_time\" content=\"2025-12-02T06:48:55+00:00\" \/>\n<meta property=\"og:image\" content=\"https:\/\/quasys.com.tr\/wp-content\/uploads\/2024\/11\/WhatsApp-Image-2024-11-18-at-10.52.55.jpeg\" \/>\n<meta name=\"twitter:card\" content=\"summary_large_image\" \/>\n<meta name=\"twitter:label1\" content=\"Est. reading time\" \/>\n\t<meta name=\"twitter:data1\" content=\"1 minute\" \/>\n<script type=\"application\/ld+json\" class=\"yoast-schema-graph\">{\"@context\":\"https:\/\/schema.org\",\"@graph\":[{\"@type\":\"WebPage\",\"@id\":\"https:\/\/quasys.az\/en\/about-us\/\",\"url\":\"https:\/\/quasys.az\/en\/about-us\/\",\"name\":\"About Us - Quasys Dijital Teknoloji \u00c7\u00f6z\u00fcmleri\",\"isPartOf\":{\"@id\":\"https:\/\/www.quasys.az\/en\/#website\"},\"primaryImageOfPage\":{\"@id\":\"https:\/\/quasys.az\/en\/about-us\/#primaryimage\"},\"image\":{\"@id\":\"https:\/\/quasys.az\/en\/about-us\/#primaryimage\"},\"thumbnailUrl\":\"https:\/\/quasys.com.tr\/wp-content\/uploads\/2024\/11\/WhatsApp-Image-2024-11-18-at-10.52.55.jpeg\",\"datePublished\":\"2024-06-10T05:24:41+00:00\",\"dateModified\":\"2025-12-02T06:48:55+00:00\",\"breadcrumb\":{\"@id\":\"https:\/\/quasys.az\/en\/about-us\/#breadcrumb\"},\"inLanguage\":\"en-US\",\"potentialAction\":[{\"@type\":\"ReadAction\",\"target\":[\"https:\/\/quasys.az\/en\/about-us\/\"]}]},{\"@type\":\"ImageObject\",\"inLanguage\":\"en-US\",\"@id\":\"https:\/\/quasys.az\/en\/about-us\/#primaryimage\",\"url\":\"https:\/\/quasys.com.tr\/wp-content\/uploads\/2024\/11\/WhatsApp-Image-2024-11-18-at-10.52.55.jpeg\",\"contentUrl\":\"https:\/\/quasys.com.tr\/wp-content\/uploads\/2024\/11\/WhatsApp-Image-2024-11-18-at-10.52.55.jpeg\"},{\"@type\":\"BreadcrumbList\",\"@id\":\"https:\/\/quasys.az\/en\/about-us\/#breadcrumb\",\"itemListElement\":[{\"@type\":\"ListItem\",\"position\":1,\"name\":\"Anasayfa\",\"item\":\"https:\/\/quasys.az\/en\/\"},{\"@type\":\"ListItem\",\"position\":2,\"name\":\"About Us\"}]},{\"@type\":\"WebSite\",\"@id\":\"https:\/\/www.quasys.az\/en\/#website\",\"url\":\"https:\/\/www.quasys.az\/en\/\",\"name\":\"Quasys\",\"description\":\"\",\"publisher\":{\"@id\":\"https:\/\/www.quasys.az\/en\/#organization\"},\"potentialAction\":[{\"@type\":\"SearchAction\",\"target\":{\"@type\":\"EntryPoint\",\"urlTemplate\":\"https:\/\/www.quasys.az\/en\/?s={search_term_string}\"},\"query-input\":{\"@type\":\"PropertyValueSpecification\",\"valueRequired\":true,\"valueName\":\"search_term_string\"}}],\"inLanguage\":\"en-US\"},{\"@type\":\"Organization\",\"@id\":\"https:\/\/www.quasys.az\/en\/#organization\",\"name\":\"Quasys Dijital Teknoloji \u00c7\u00f6z\u00fcmleri\",\"url\":\"https:\/\/www.quasys.az\/en\/\",\"logo\":{\"@type\":\"ImageObject\",\"inLanguage\":\"en-US\",\"@id\":\"https:\/\/www.quasys.az\/en\/#\/schema\/logo\/image\/\",\"url\":\"https:\/\/www.quasys.com.tr\/wp-content\/uploads\/2025\/05\/quasys_logo-01-50_Cropped.png\",\"contentUrl\":\"https:\/\/www.quasys.com.tr\/wp-content\/uploads\/2025\/05\/quasys_logo-01-50_Cropped.png\",\"width\":365,\"height\":262,\"caption\":\"Quasys Dijital Teknoloji \u00c7\u00f6z\u00fcmleri\"},\"image\":{\"@id\":\"https:\/\/www.quasys.az\/en\/#\/schema\/logo\/image\/\"},\"sameAs\":[\"https:\/\/www.linkedin.com\/company\/quasys-technology\/\"]}]}<\/script>\n<!-- \/ Yoast SEO plugin. -->","yoast_head_json":{"title":"About Us - Quasys Dijital Teknoloji \u00c7\u00f6z\u00fcmleri","robots":{"index":"index","follow":"follow","max-snippet":"max-snippet:-1","max-image-preview":"max-image-preview:large","max-video-preview":"max-video-preview:-1"},"canonical":"https:\/\/quasys.az\/en\/about-us\/","og_locale":"en_US","og_type":"article","og_title":"About Us - Quasys Dijital Teknoloji \u00c7\u00f6z\u00fcmleri","og_description":"_ Quasys Digital Technology Solutions Quasys QUASYS provides services in technologies ...","og_url":"https:\/\/quasys.az\/en\/about-us\/","og_site_name":"Quasys Dijital Teknoloji \u00c7\u00f6z\u00fcmleri","article_modified_time":"2025-12-02T06:48:55+00:00","og_image":[{"url":"https:\/\/quasys.com.tr\/wp-content\/uploads\/2024\/11\/WhatsApp-Image-2024-11-18-at-10.52.55.jpeg","type":"","width":"","height":""}],"twitter_card":"summary_large_image","twitter_misc":{"Est. reading time":"1 minute"},"schema":{"@context":"https:\/\/schema.org","@graph":[{"@type":"WebPage","@id":"https:\/\/quasys.az\/en\/about-us\/","url":"https:\/\/quasys.az\/en\/about-us\/","name":"About Us - Quasys Dijital Teknoloji \u00c7\u00f6z\u00fcmleri","isPartOf":{"@id":"https:\/\/www.quasys.az\/en\/#website"},"primaryImageOfPage":{"@id":"https:\/\/quasys.az\/en\/about-us\/#primaryimage"},"image":{"@id":"https:\/\/quasys.az\/en\/about-us\/#primaryimage"},"thumbnailUrl":"https:\/\/quasys.com.tr\/wp-content\/uploads\/2024\/11\/WhatsApp-Image-2024-11-18-at-10.52.55.jpeg","datePublished":"2024-06-10T05:24:41+00:00","dateModified":"2025-12-02T06:48:55+00:00","breadcrumb":{"@id":"https:\/\/quasys.az\/en\/about-us\/#breadcrumb"},"inLanguage":"en-US","potentialAction":[{"@type":"ReadAction","target":["https:\/\/quasys.az\/en\/about-us\/"]}]},{"@type":"ImageObject","inLanguage":"en-US","@id":"https:\/\/quasys.az\/en\/about-us\/#primaryimage","url":"https:\/\/quasys.com.tr\/wp-content\/uploads\/2024\/11\/WhatsApp-Image-2024-11-18-at-10.52.55.jpeg","contentUrl":"https:\/\/quasys.com.tr\/wp-content\/uploads\/2024\/11\/WhatsApp-Image-2024-11-18-at-10.52.55.jpeg"},{"@type":"BreadcrumbList","@id":"https:\/\/quasys.az\/en\/about-us\/#breadcrumb","itemListElement":[{"@type":"ListItem","position":1,"name":"Anasayfa","item":"https:\/\/quasys.az\/en\/"},{"@type":"ListItem","position":2,"name":"About Us"}]},{"@type":"WebSite","@id":"https:\/\/www.quasys.az\/en\/#website","url":"https:\/\/www.quasys.az\/en\/","name":"Quasys","description":"","publisher":{"@id":"https:\/\/www.quasys.az\/en\/#organization"},"potentialAction":[{"@type":"SearchAction","target":{"@type":"EntryPoint","urlTemplate":"https:\/\/www.quasys.az\/en\/?s={search_term_string}"},"query-input":{"@type":"PropertyValueSpecification","valueRequired":true,"valueName":"search_term_string"}}],"inLanguage":"en-US"},{"@type":"Organization","@id":"https:\/\/www.quasys.az\/en\/#organization","name":"Quasys Dijital Teknoloji \u00c7\u00f6z\u00fcmleri","url":"https:\/\/www.quasys.az\/en\/","logo":{"@type":"ImageObject","inLanguage":"en-US","@id":"https:\/\/www.quasys.az\/en\/#\/schema\/logo\/image\/","url":"https:\/\/www.quasys.com.tr\/wp-content\/uploads\/2025\/05\/quasys_logo-01-50_Cropped.png","contentUrl":"https:\/\/www.quasys.com.tr\/wp-content\/uploads\/2025\/05\/quasys_logo-01-50_Cropped.png","width":365,"height":262,"caption":"Quasys Dijital Teknoloji \u00c7\u00f6z\u00fcmleri"},"image":{"@id":"https:\/\/www.quasys.az\/en\/#\/schema\/logo\/image\/"},"sameAs":["https:\/\/www.linkedin.com\/company\/quasys-technology\/"]}]}},"_links":{"self":[{"href":"https:\/\/quasys.az\/en\/wp-json\/wp\/v2\/pages\/16451","targetHints":{"allow":["GET"]}}],"collection":[{"href":"https:\/\/quasys.az\/en\/wp-json\/wp\/v2\/pages"}],"about":[{"href":"https:\/\/quasys.az\/en\/wp-json\/wp\/v2\/types\/page"}],"author":[{"embeddable":true,"href":"https:\/\/quasys.az\/en\/wp-json\/wp\/v2\/users\/1"}],"replies":[{"embeddable":true,"href":"https:\/\/quasys.az\/en\/wp-json\/wp\/v2\/comments?post=16451"}],"version-history":[{"count":3,"href":"https:\/\/quasys.az\/en\/wp-json\/wp\/v2\/pages\/16451\/revisions"}],"predecessor-version":[{"id":16619,"href":"https:\/\/quasys.az\/en\/wp-json\/wp\/v2\/pages\/16451\/revisions\/16619"}],"wp:attachment":[{"href":"https:\/\/quasys.az\/en\/wp-json\/wp\/v2\/media?parent=16451"}],"curies":[{"name":"wp","href":"https:\/\/api.w.org\/{rel}","templated":true}]}}