{"id":16577,"date":"2024-11-14T10:28:51","date_gmt":"2024-11-14T07:28:51","guid":{"rendered":"https:\/\/quasys.com.tr\/our-solutions\/automation-solutions\/"},"modified":"2025-12-01T13:47:32","modified_gmt":"2025-12-01T10:47:32","slug":"automation-solutions","status":"publish","type":"page","link":"https:\/\/quasys.az\/en\/our-solutions\/automation-solutions\/","title":{"rendered":"Automation Solutions"},"content":{"rendered":"\t\t<div data-elementor-type=\"wp-page\" data-elementor-id=\"16577\" class=\"elementor elementor-16577 elementor-14528\" data-elementor-post-type=\"page\">\n\t\t\t\t<div class=\"elementor-element elementor-element-1cac030 elementor-hidden-desktop elementor-hidden-tablet elementor-hidden-mobile e-flex e-con-boxed e-con e-parent\" data-id=\"1cac030\" data-element_type=\"container\">\n\t\t\t\t\t<div class=\"e-con-inner\">\n\t\t\t\t<div class=\"elementor-element elementor-element-2d93151 elementor-widget elementor-widget-heading\" data-id=\"2d93151\" data-element_type=\"widget\" data-widget_type=\"heading.default\">\n\t\t\t\t<div class=\"elementor-widget-container\">\n\t\t\t<h2 class=\"elementor-heading-title elementor-size-default\">Automation Solutions<\/h2>\t\t<\/div>\n\t\t\t\t<\/div>\n\t\t\t\t<div class=\"elementor-element elementor-element-80ec416 elementor-widget__width-initial elementor-widget-mobile__width-inherit elementor-widget elementor-widget-text-editor\" data-id=\"80ec416\" data-element_type=\"widget\" data-widget_type=\"text-editor.default\">\n\t\t\t\t<div class=\"elementor-widget-container\">\n\t\t\t\t\t\t\t<p>Kocaeli University Technopark has been a knowledge base at the heart of industry since 2004.<\/p>\t\t\t\t\t\t<\/div>\n\t\t\t\t<\/div>\n\t\t\t\t\t<\/div>\n\t\t\t\t<\/div>\n\t\t\r\n<script>\r\n\r\n\tjQuery( function( $ ) {\r\n\r\n\t\tvar timeout = 2000;\r\n\r\n\t\tsetTimeout(function() {\r\n\t\t\tif ( typeof particlesJS != \"undefined\" ) {\r\n\r\n\t\t\t\tparticlesJS(\"xtra_3fa3760\", {\r\n\t\t\t\t  \"particles\": {\r\n\t\t\t\t\t\"number\": {\r\n\t\t\t\t\t  \"value\": 50\r\n\t\t\t\t\t},\r\n\t\t\t\t\t\"color\": {\r\n\t\t\t\t\t  \"value\": \"#02CFC9\"\r\n\t\t\t\t\t},\r\n\t\t\t\t\t\"shape\": {\r\n\t\t\t\t\t  \"type\": \"circle\",\r\n\t\t\t\t\t},\r\n\t\t\t\t\t\"line_linked\": {\r\n\t\t\t\t\t  \"enable\": true,\r\n\t\t\t\t\t  \"distance\": 10,\r\n\t\t\t\t\t  \"color\": \"#02CFC9\",\r\n\t\t\t\t\t  \"opacity\": 0.4,\r\n\t\t\t\t\t  \"width\": 1\r\n\t\t\t\t\t},\r\n\t\t\t\t\t\"opacity\": {\r\n\t\t\t\t\t  \"value\": 0.5,\r\n\t\t\t\t\t  \"random\": true,\r\n\t\t\t\t\t  \"anim\": {\r\n\t\t\t\t\t\t\"enable\": false,\r\n\t\t\t\t\t\t\"speed\": 1,\r\n\t\t\t\t\t\t\"opacity_min\": 0.1,\r\n\t\t\t\t\t\t\"sync\": false\r\n\t\t\t\t\t  }\r\n\t\t\t\t\t},\r\n\t\t\t\t\t\"size\": {\r\n\t\t\t\t\t  \"value\": 6,\r\n\t\t\t\t\t  \"random\": true,\r\n\t\t\t\t\t  \"anim\": {\r\n\t\t\t\t\t\t\"enable\": false,\r\n\t\t\t\t\t\t\"speed\": 40,\r\n\t\t\t\t\t\t\"size_min\": 0.1,\r\n\t\t\t\t\t\t\"sync\": false\r\n\t\t\t\t\t  }\r\n\t\t\t\t\t},\r\n\t\t\t\t\t\"move\": {\r\n\t\t\t\t\t  \"enable\": true,\r\n\t\t\t\t\t  \"speed\": 6,\r\n\t\t\t\t\t  \"direction\": \"none\",\r\n\t\t\t\t\t  \"random\": false,\r\n\t\t\t\t\t  \"straight\": false,\r\n\t\t\t\t\t  \"out_mode\": \"out\",\r\n\t\t\t\t\t  \"bounce\": false,\r\n\t\t\t\t\t  \"attract\": {\r\n\t\t\t\t\t\t\"enable\": false,\r\n\t\t\t\t\t\t\"rotateX\": 600,\r\n\t\t\t\t\t\t\"rotateY\": 1200\r\n\t\t\t\t\t  }\r\n\t\t\t\t\t}\r\n\t\t\t\t  },\r\n\t\t\t\t  \"interactivity\": {\r\n\t\t\t\t\t\"detect_on\": \"canvas\",\r\n\t\t\t\t\t\"events\": {\r\n\t\t\t\t\t  \"onhover\": {\r\n\t\t\t\t\t\t\"enable\": true,\r\n\t\t\t\t\t\t\"mode\": \"grab\"\r\n\t\t\t\t\t  },\r\n\t\t\t\t\t  \"onclick\": {\r\n\t\t\t\t\t\t\"enable\": true,\r\n\t\t\t\t\t\t\"mode\": \"push\"\r\n\t\t\t\t\t  },\r\n\t\t\t\t\t  \"resize\": true\r\n\t\t\t\t\t},\r\n\t\t\t\t\t\"modes\": {\r\n\t\t\t\t\t  \"grab\": {\r\n\t\t\t\t\t\t\"distance\": 100,\r\n\t\t\t\t\t\t\"line_linked\": {\r\n\t\t\t\t\t\t  \"opacity\": 1\r\n\t\t\t\t\t\t}\r\n\t\t\t\t\t  },\r\n\t\t\t\t\t  \"bubble\": {\r\n\t\t\t\t\t\t\"distance\": 400,\r\n\t\t\t\t\t\t\"size\": 40,\r\n\t\t\t\t\t\t\"duration\": 2,\r\n\t\t\t\t\t\t\"opacity\": 8,\r\n\t\t\t\t\t\t\"speed\": 3\r\n\t\t\t\t\t  },\r\n\t\t\t\t\t  \"repulse\": {\r\n\t\t\t\t\t\t\"distance\": 200,\r\n\t\t\t\t\t\t\"duration\": 0.4\r\n\t\t\t\t\t  },\r\n\t\t\t\t\t  \"push\": {\r\n\t\t\t\t\t\t\"particles_nb\": 4\r\n\t\t\t\t\t  },\r\n\t\t\t\t\t  \"remove\": {\r\n\t\t\t\t\t\t\"particles_nb\": 2\r\n\t\t\t\t\t  }\r\n\t\t\t\t\t}\r\n\t\t\t\t  },\r\n\t\t\t\t  \"retina_detect\": true\r\n\t\t\t\t});\r\n\t\t\t}\r\n\t\t}, timeout );\r\n\r\n\t});\r\n\r\n<\/script>\t\t<section id=\"xtra_3fa3760\" class=\"cz-particles elementor-section elementor-top-section elementor-element elementor-element-3fa3760 elementor-section-stretched elementor-hidden-desktop elementor-hidden-tablet elementor-hidden-mobile elementor-section-boxed elementor-section-height-default elementor-section-height-default\" data-id=\"3fa3760\" data-element_type=\"section\" data-settings=\"{&quot;stretch_section&quot;:&quot;section-stretched&quot;,&quot;background_background&quot;:&quot;classic&quot;}\">\n\t\t\t\t\t\t<div class=\"elementor-container elementor-column-gap-default\">\n\t\t\t\t\t<div class=\"elementor-column elementor-col-100 elementor-top-column elementor-element elementor-element-2634911\" data-id=\"2634911\" data-element_type=\"column\">\n\t\t\t<div class=\"elementor-widget-wrap elementor-element-populated\">\n\t\t\t\t\t\t<div class=\"elementor-element elementor-element-412edeb elementor-widget elementor-widget-spacer\" data-id=\"412edeb\" data-element_type=\"widget\" data-widget_type=\"spacer.default\">\n\t\t\t\t<div class=\"elementor-widget-container\">\n\t\t\t\t\t<div class=\"elementor-spacer\">\n\t\t\t<div class=\"elementor-spacer-inner\"><\/div>\n\t\t<\/div>\n\t\t\t\t<\/div>\n\t\t\t\t<\/div>\n\t\t\t\t\t<\/div>\n\t\t<\/div>\n\t\t\t\t\t<\/div>\n\t\t<\/section>\n\t\t<div class=\"elementor-element elementor-element-0403987 e-flex e-con-boxed e-con e-parent\" data-id=\"0403987\" data-element_type=\"container\">\n\t\t\t\t\t<div class=\"e-con-inner\">\n\t\t\t\t<div class=\"elementor-element elementor-element-aef58a2 elementor-widget elementor-widget-eael-adv-accordion\" data-id=\"aef58a2\" data-element_type=\"widget\" data-widget_type=\"eael-adv-accordion.default\">\n\t\t\t\t<div class=\"elementor-widget-container\">\n\t\t\t        <div class=\"eael-adv-accordion\" id=\"eael-adv-accordion-aef58a2\" data-scroll-on-click=\"yes\" data-scroll-speed=\"300\" data-accordion-id=\"aef58a2\" data-accordion-type=\"accordion\" data-toogle-speed=\"300\">\n    <div class=\"eael-accordion-list\">\n                <div id=\"workload-automation\" class=\"elementor-tab-title eael-accordion-header active-default\" tabindex=\"0\" data-tab=\"1\" aria-controls=\"elementor-tab-content-1831\"><span class=\"eael-accordion-tab-title\">Workload Automation<\/span><i aria-hidden=\"true\" class=\"fa-toggle fas fa-angle-right\"><\/i><\/div><div id=\"elementor-tab-content-1831\" class=\"eael-accordion-content clearfix active-default\" data-tab=\"1\" aria-labelledby=\"workload-automation\"><p><strong>Broadcom Automic:<\/strong> Broadcom Automic is a powerful automation platform that enables enterprises to automate business processes and accelerate digital transformation. Automic manages workflows seamlessly, reducing manual processes and increasing operational efficiency. The platform features a scalable architecture specifically designed for multi-cloud and hybrid environments, supporting rapid deployment of applications and services. Through robust integration options, Automic works harmoniously with various applications and systems, providing complete control and visibility in business processes. By offering high-level security and compliance, it facilitates enterprises in automating critical processes and achieving digital transformation goals. Broadcom Automic helps accelerate business processes, enabling more efficient resource utilization and more reliable outcomes.     <\/p>\n<\/div>\n                <\/div><div class=\"eael-accordion-list\">\n                <div id=\"it-automation\" class=\"elementor-tab-title eael-accordion-header\" tabindex=\"0\" data-tab=\"2\" aria-controls=\"elementor-tab-content-1832\"><span class=\"eael-accordion-tab-title\">IT Automation<\/span><i aria-hidden=\"true\" class=\"fa-toggle fas fa-angle-right\"><\/i><\/div><div id=\"elementor-tab-content-1832\" class=\"eael-accordion-content clearfix\" data-tab=\"2\" aria-labelledby=\"it-automation\"><p><strong>Red Hat Ansible Automation Platform:<\/strong> Red Hat Ansible Automation Platform provides a powerful and scalable solution for managing, standardizing, and automating IT processes. This platform simplifies system configurations, application deployments, and network management by leveraging Ansible&#8217;s power at an enterprise level. Ansible Automation Platform enables centralized management of automation tasks across multi-cloud, hybrid infrastructures, and data centers. Through integrated dashboards, workflows, and access management, the platform provides complete control over automation processes and facilitates collaboration. With its modular structure, it enables users to easily design their automation processes, supporting organizations in rapidly adapting to digital transformation. Red Hat Ansible Automation Platform reduces operational burden while enhancing security and efficiency, strengthening organizations&#8217; competitive advantage.     <\/p>\n<\/div>\n                <\/div><\/div>\t\t<\/div>\n\t\t\t\t<\/div>\n\t\t\t\t\t<\/div>\n\t\t\t\t<\/div>\n\t\t\t\t<\/div>\n\t\t","protected":false},"excerpt":{"rendered":"<p>Kocaeli University Technopark has been a knowledge base at the heart &#8230; <\/p>\n","protected":false},"author":1,"featured_media":0,"parent":16455,"menu_order":4,"comment_status":"closed","ping_status":"closed","template":"","meta":{"footnotes":""},"class_list":["post-16577","page","type-page","status-publish","hentry"],"yoast_head":"<!-- This site is optimized with the Yoast SEO plugin v25.0 - https:\/\/yoast.com\/wordpress\/plugins\/seo\/ -->\n<title>Automation Solutions - Quasys Dijital Teknoloji \u00c7\u00f6z\u00fcmleri<\/title>\n<meta name=\"robots\" content=\"index, follow, max-snippet:-1, max-image-preview:large, max-video-preview:-1\" \/>\n<link rel=\"canonical\" href=\"https:\/\/quasys.az\/en\/our-solutions\/automation-solutions\/\" \/>\n<meta property=\"og:locale\" content=\"en_US\" \/>\n<meta property=\"og:type\" content=\"article\" \/>\n<meta property=\"og:title\" content=\"Automation Solutions - Quasys Dijital Teknoloji \u00c7\u00f6z\u00fcmleri\" \/>\n<meta property=\"og:description\" content=\"Kocaeli University Technopark has been a knowledge base at the heart ...\" \/>\n<meta property=\"og:url\" content=\"https:\/\/quasys.az\/en\/our-solutions\/automation-solutions\/\" \/>\n<meta property=\"og:site_name\" content=\"Quasys Dijital Teknoloji \u00c7\u00f6z\u00fcmleri\" \/>\n<meta property=\"article:modified_time\" content=\"2025-12-01T10:47:32+00:00\" \/>\n<meta name=\"twitter:card\" content=\"summary_large_image\" \/>\n<meta name=\"twitter:label1\" content=\"Est. reading time\" \/>\n\t<meta name=\"twitter:data1\" content=\"1 minute\" \/>\n<script type=\"application\/ld+json\" class=\"yoast-schema-graph\">{\"@context\":\"https:\/\/schema.org\",\"@graph\":[{\"@type\":\"WebPage\",\"@id\":\"https:\/\/quasys.az\/en\/our-solutions\/automation-solutions\/\",\"url\":\"https:\/\/quasys.az\/en\/our-solutions\/automation-solutions\/\",\"name\":\"Automation Solutions - Quasys Dijital Teknoloji \u00c7\u00f6z\u00fcmleri\",\"isPartOf\":{\"@id\":\"https:\/\/www.quasys.az\/en\/#website\"},\"datePublished\":\"2024-11-14T07:28:51+00:00\",\"dateModified\":\"2025-12-01T10:47:32+00:00\",\"breadcrumb\":{\"@id\":\"https:\/\/quasys.az\/en\/our-solutions\/automation-solutions\/#breadcrumb\"},\"inLanguage\":\"en-US\",\"potentialAction\":[{\"@type\":\"ReadAction\",\"target\":[\"https:\/\/quasys.az\/en\/our-solutions\/automation-solutions\/\"]}]},{\"@type\":\"BreadcrumbList\",\"@id\":\"https:\/\/quasys.az\/en\/our-solutions\/automation-solutions\/#breadcrumb\",\"itemListElement\":[{\"@type\":\"ListItem\",\"position\":1,\"name\":\"Anasayfa\",\"item\":\"https:\/\/quasys.az\/en\/\"},{\"@type\":\"ListItem\",\"position\":2,\"name\":\"Our Solutions\",\"item\":\"https:\/\/quasysdx.com\/en\/our-solutions\/\"},{\"@type\":\"ListItem\",\"position\":3,\"name\":\"Automation Solutions\"}]},{\"@type\":\"WebSite\",\"@id\":\"https:\/\/www.quasys.az\/en\/#website\",\"url\":\"https:\/\/www.quasys.az\/en\/\",\"name\":\"Quasys\",\"description\":\"\",\"publisher\":{\"@id\":\"https:\/\/www.quasys.az\/en\/#organization\"},\"potentialAction\":[{\"@type\":\"SearchAction\",\"target\":{\"@type\":\"EntryPoint\",\"urlTemplate\":\"https:\/\/www.quasys.az\/en\/?s={search_term_string}\"},\"query-input\":{\"@type\":\"PropertyValueSpecification\",\"valueRequired\":true,\"valueName\":\"search_term_string\"}}],\"inLanguage\":\"en-US\"},{\"@type\":\"Organization\",\"@id\":\"https:\/\/www.quasys.az\/en\/#organization\",\"name\":\"Quasys Dijital Teknoloji \u00c7\u00f6z\u00fcmleri\",\"url\":\"https:\/\/www.quasys.az\/en\/\",\"logo\":{\"@type\":\"ImageObject\",\"inLanguage\":\"en-US\",\"@id\":\"https:\/\/www.quasys.az\/en\/#\/schema\/logo\/image\/\",\"url\":\"https:\/\/www.quasys.com.tr\/wp-content\/uploads\/2025\/05\/quasys_logo-01-50_Cropped.png\",\"contentUrl\":\"https:\/\/www.quasys.com.tr\/wp-content\/uploads\/2025\/05\/quasys_logo-01-50_Cropped.png\",\"width\":365,\"height\":262,\"caption\":\"Quasys Dijital Teknoloji \u00c7\u00f6z\u00fcmleri\"},\"image\":{\"@id\":\"https:\/\/www.quasys.az\/en\/#\/schema\/logo\/image\/\"},\"sameAs\":[\"https:\/\/www.linkedin.com\/company\/quasys-technology\/\"]}]}<\/script>\n<!-- \/ Yoast SEO plugin. -->","yoast_head_json":{"title":"Automation Solutions - Quasys Dijital Teknoloji \u00c7\u00f6z\u00fcmleri","robots":{"index":"index","follow":"follow","max-snippet":"max-snippet:-1","max-image-preview":"max-image-preview:large","max-video-preview":"max-video-preview:-1"},"canonical":"https:\/\/quasys.az\/en\/our-solutions\/automation-solutions\/","og_locale":"en_US","og_type":"article","og_title":"Automation Solutions - Quasys Dijital Teknoloji \u00c7\u00f6z\u00fcmleri","og_description":"Kocaeli University Technopark has been a knowledge base at the heart ...","og_url":"https:\/\/quasys.az\/en\/our-solutions\/automation-solutions\/","og_site_name":"Quasys Dijital Teknoloji \u00c7\u00f6z\u00fcmleri","article_modified_time":"2025-12-01T10:47:32+00:00","twitter_card":"summary_large_image","twitter_misc":{"Est. reading time":"1 minute"},"schema":{"@context":"https:\/\/schema.org","@graph":[{"@type":"WebPage","@id":"https:\/\/quasys.az\/en\/our-solutions\/automation-solutions\/","url":"https:\/\/quasys.az\/en\/our-solutions\/automation-solutions\/","name":"Automation Solutions - Quasys Dijital Teknoloji \u00c7\u00f6z\u00fcmleri","isPartOf":{"@id":"https:\/\/www.quasys.az\/en\/#website"},"datePublished":"2024-11-14T07:28:51+00:00","dateModified":"2025-12-01T10:47:32+00:00","breadcrumb":{"@id":"https:\/\/quasys.az\/en\/our-solutions\/automation-solutions\/#breadcrumb"},"inLanguage":"en-US","potentialAction":[{"@type":"ReadAction","target":["https:\/\/quasys.az\/en\/our-solutions\/automation-solutions\/"]}]},{"@type":"BreadcrumbList","@id":"https:\/\/quasys.az\/en\/our-solutions\/automation-solutions\/#breadcrumb","itemListElement":[{"@type":"ListItem","position":1,"name":"Anasayfa","item":"https:\/\/quasys.az\/en\/"},{"@type":"ListItem","position":2,"name":"Our Solutions","item":"https:\/\/quasysdx.com\/en\/our-solutions\/"},{"@type":"ListItem","position":3,"name":"Automation Solutions"}]},{"@type":"WebSite","@id":"https:\/\/www.quasys.az\/en\/#website","url":"https:\/\/www.quasys.az\/en\/","name":"Quasys","description":"","publisher":{"@id":"https:\/\/www.quasys.az\/en\/#organization"},"potentialAction":[{"@type":"SearchAction","target":{"@type":"EntryPoint","urlTemplate":"https:\/\/www.quasys.az\/en\/?s={search_term_string}"},"query-input":{"@type":"PropertyValueSpecification","valueRequired":true,"valueName":"search_term_string"}}],"inLanguage":"en-US"},{"@type":"Organization","@id":"https:\/\/www.quasys.az\/en\/#organization","name":"Quasys Dijital Teknoloji \u00c7\u00f6z\u00fcmleri","url":"https:\/\/www.quasys.az\/en\/","logo":{"@type":"ImageObject","inLanguage":"en-US","@id":"https:\/\/www.quasys.az\/en\/#\/schema\/logo\/image\/","url":"https:\/\/www.quasys.com.tr\/wp-content\/uploads\/2025\/05\/quasys_logo-01-50_Cropped.png","contentUrl":"https:\/\/www.quasys.com.tr\/wp-content\/uploads\/2025\/05\/quasys_logo-01-50_Cropped.png","width":365,"height":262,"caption":"Quasys Dijital Teknoloji \u00c7\u00f6z\u00fcmleri"},"image":{"@id":"https:\/\/www.quasys.az\/en\/#\/schema\/logo\/image\/"},"sameAs":["https:\/\/www.linkedin.com\/company\/quasys-technology\/"]}]}},"_links":{"self":[{"href":"https:\/\/quasys.az\/en\/wp-json\/wp\/v2\/pages\/16577","targetHints":{"allow":["GET"]}}],"collection":[{"href":"https:\/\/quasys.az\/en\/wp-json\/wp\/v2\/pages"}],"about":[{"href":"https:\/\/quasys.az\/en\/wp-json\/wp\/v2\/types\/page"}],"author":[{"embeddable":true,"href":"https:\/\/quasys.az\/en\/wp-json\/wp\/v2\/users\/1"}],"replies":[{"embeddable":true,"href":"https:\/\/quasys.az\/en\/wp-json\/wp\/v2\/comments?post=16577"}],"version-history":[{"count":1,"href":"https:\/\/quasys.az\/en\/wp-json\/wp\/v2\/pages\/16577\/revisions"}],"predecessor-version":[{"id":16579,"href":"https:\/\/quasys.az\/en\/wp-json\/wp\/v2\/pages\/16577\/revisions\/16579"}],"up":[{"embeddable":true,"href":"https:\/\/quasys.az\/en\/wp-json\/wp\/v2\/pages\/16455"}],"wp:attachment":[{"href":"https:\/\/quasys.az\/en\/wp-json\/wp\/v2\/media?parent=16577"}],"curies":[{"name":"wp","href":"https:\/\/api.w.org\/{rel}","templated":true}]}}